{"id":507,"date":"2025-03-10T10:16:53","date_gmt":"2025-03-10T10:16:53","guid":{"rendered":"https:\/\/immolaayoune.ma\/?page_id=507"},"modified":"2025-05-11T00:04:26","modified_gmt":"2025-05-11T00:04:26","slug":"contact","status":"publish","type":"page","link":"http:\/\/immolaayoune.ma\/?page_id=507","title":{"rendered":"Contact"},"content":{"rendered":"\t\t<div data-elementor-type=\"wp-page\" data-elementor-id=\"507\" class=\"elementor elementor-507\" data-elementor-post-type=\"page\">\n\t\t\t\t<div class=\"elementor-element elementor-element-2dfdec5 e-flex e-con-boxed e-con e-parent\" data-id=\"2dfdec5\" data-element_type=\"container\" data-settings=\"{&quot;background_background&quot;:&quot;classic&quot;}\">\n\t\t\t\t\t<div class=\"e-con-inner\">\n\t\t\t\t<div class=\"elementor-element elementor-element-c7f760c elementor-widget__width-auto elementor-widget elementor-widget-heading\" data-id=\"c7f760c\" data-element_type=\"widget\" data-widget_type=\"heading.default\">\n\t\t\t\t<div class=\"elementor-widget-container\">\n\t\t\t\t\t<h1 class=\"elementor-heading-title elementor-size-default\">Pour toute information compl\u00e9mentaire, n\u2019h\u00e9sitez pas \u00e0 nous contacter via t\u00e9l\u00e9phone ou WhatsApp.<\/h1>\t\t\t\t<\/div>\n\t\t\t\t<\/div>\n\t\t<div class=\"elementor-element elementor-element-f1706eb e-con-full e-flex e-con e-child\" data-id=\"f1706eb\" data-element_type=\"container\">\n\t\t<div class=\"elementor-element elementor-element-5d96c1c e-con-full e-flex e-con e-child\" data-id=\"5d96c1c\" data-element_type=\"container\">\n\t\t<div class=\"elementor-element elementor-element-5a3b93e e-flex e-con-boxed e-con e-child\" data-id=\"5a3b93e\" data-element_type=\"container\">\n\t\t\t\t\t<div class=\"e-con-inner\">\n\t\t\t\t<div class=\"elementor-element elementor-element-e05375c elementor-widget__width-inherit elementor-widget elementor-widget-tp-advanced-buttons\" data-id=\"e05375c\" data-element_type=\"widget\" data-widget_type=\"tp-advanced-buttons.default\">\n\t\t\t\t<div class=\"elementor-widget-container\">\n\t\t\t\t\t<div class=\"pt-plus-adv-button-wrapper \" ><div id=\"advbutton69d07a2f1a8a2\" class=\"pt_plus_adv_button  ab-cta  tp_cta_st_3   \" ><a href=\"tel:212661441275%20\" class=\"adv-button-link-wrap \" role=\"button\"><span>Appelez<\/span><\/a><\/div><\/div>\t\t\t\t<\/div>\n\t\t\t\t<\/div>\n\t\t\t\t\t<\/div>\n\t\t\t\t<\/div>\n\t\t<div class=\"elementor-element elementor-element-debdd0c e-con-full e-flex e-con e-child\" data-id=\"debdd0c\" data-element_type=\"container\">\n\t\t\t\t<div class=\"elementor-element elementor-element-24011e3 elementor-widget__width-inherit elementor-widget elementor-widget-tp-advanced-buttons\" data-id=\"24011e3\" data-element_type=\"widget\" data-widget_type=\"tp-advanced-buttons.default\">\n\t\t\t\t<div class=\"elementor-widget-container\">\n\t\t\t\t\t<div class=\"pt-plus-adv-button-wrapper \" ><div id=\"advbutton69d07a2f1b809\" class=\"pt_plus_adv_button  ab-cta  tp_cta_st_3   \" ><a href=\"https:\/\/wa.me\/212661116283\" class=\"adv-button-link-wrap \" role=\"button\"><span>WhatsApp<\/span><\/a><\/div><\/div>\t\t\t\t<\/div>\n\t\t\t\t<\/div>\n\t\t\t\t<\/div>\n\t\t\t\t<\/div>\n\t\t\t\t<\/div>\n\t\t\t\t\t<\/div>\n\t\t\t\t<\/div>\n\t\t\t\t<\/div>\n\t\t","protected":false},"excerpt":{"rendered":"<p>Pour toute information compl\u00e9mentaire, n\u2019h\u00e9sitez pas \u00e0 nous contacter via t\u00e9l\u00e9phone ou WhatsApp. Appelez WhatsApp<\/p>\n","protected":false},"author":1,"featured_media":0,"parent":0,"menu_order":0,"comment_status":"closed","ping_status":"closed","template":"elementor_header_footer","meta":{"footnotes":""},"class_list":["post-507","page","type-page","status-publish","hentry"],"lang":"fr","translations":{"fr":507,"ar":2419},"pll_sync_post":[],"_links":{"self":[{"href":"http:\/\/immolaayoune.ma\/index.php?rest_route=\/wp\/v2\/pages\/507","targetHints":{"allow":["GET"]}}],"collection":[{"href":"http:\/\/immolaayoune.ma\/index.php?rest_route=\/wp\/v2\/pages"}],"about":[{"href":"http:\/\/immolaayoune.ma\/index.php?rest_route=\/wp\/v2\/types\/page"}],"author":[{"embeddable":true,"href":"http:\/\/immolaayoune.ma\/index.php?rest_route=\/wp\/v2\/users\/1"}],"replies":[{"embeddable":true,"href":"http:\/\/immolaayoune.ma\/index.php?rest_route=%2Fwp%2Fv2%2Fcomments&post=507"}],"version-history":[{"count":43,"href":"http:\/\/immolaayoune.ma\/index.php?rest_route=\/wp\/v2\/pages\/507\/revisions"}],"predecessor-version":[{"id":2374,"href":"http:\/\/immolaayoune.ma\/index.php?rest_route=\/wp\/v2\/pages\/507\/revisions\/2374"}],"wp:attachment":[{"href":"http:\/\/immolaayoune.ma\/index.php?rest_route=%2Fwp%2Fv2%2Fmedia&parent=507"}],"curies":[{"name":"wp","href":"https:\/\/api.w.org\/{rel}","templated":true}]}}